{"id":2476,"date":"2025-05-11T21:10:57","date_gmt":"2025-05-11T21:10:57","guid":{"rendered":"https:\/\/grckainternet.com\/?page_id=2476"},"modified":"2026-04-21T12:01:35","modified_gmt":"2026-04-21T10:01:35","slug":"blog","status":"publish","type":"page","link":"https:\/\/grckainternet.com\/en\/blog\/","title":{"rendered":"Blog"},"content":{"rendered":"<section class=\"bde-section-2476-100 bde-section\">\n  \n  \n\t\n\n\n\n<div class=\"section-container\"><h1 class=\"bde-heading-2476-101 bde-heading\">\nNa\u0161a saop\u0161tenja\n<\/h1><div class=\"bde-post-list-2476-102 bde-post-list\"><div class=\"bde-loop bde-loop-grid ee-posts ee-posts-grid\">    <article class=\"bde-loop-item ee-post\">\n                                <a class=\"bde-loop-item__image-link ee-post-image-link\" href=\"https:\/\/grckainternet.com\/en\/esim-grcka-2025\/\" tabindex=\"-1\">\n                <div class=\"bde-loop-item__image ee-post-image\">\n                    <img loading=\"lazy\" decoding=\"async\" width=\"1200\" height=\"630\" src=\"https:\/\/grckainternet.com\/wp-content\/uploads\/2025\/07\/esim-grcka-2025-sve-sto-treba-da-znas-pre-nego-sto-krenes-na-more.jpg\" class=\"attachment-full size-full wp-post-image\" alt=\"eSIM Gr\u010dka 2025: Sve \u0161to treba da zna\u0161 pre nego \u0161to krene\u0161 na more\" srcset=\"https:\/\/grckainternet.com\/wp-content\/uploads\/2025\/07\/esim-grcka-2025-sve-sto-treba-da-znas-pre-nego-sto-krenes-na-more.jpg 1200w, https:\/\/grckainternet.com\/wp-content\/uploads\/2025\/07\/esim-grcka-2025-sve-sto-treba-da-znas-pre-nego-sto-krenes-na-more-300x158.jpg 300w, https:\/\/grckainternet.com\/wp-content\/uploads\/2025\/07\/esim-grcka-2025-sve-sto-treba-da-znas-pre-nego-sto-krenes-na-more-1024x538.jpg 1024w, https:\/\/grckainternet.com\/wp-content\/uploads\/2025\/07\/esim-grcka-2025-sve-sto-treba-da-znas-pre-nego-sto-krenes-na-more-768x403.jpg 768w, https:\/\/grckainternet.com\/wp-content\/uploads\/2025\/07\/esim-grcka-2025-sve-sto-treba-da-znas-pre-nego-sto-krenes-na-more-600x315.jpg 600w\" sizes=\"auto, (max-width: 1200px) 100vw, 1200px\" \/>                <\/div>\n            <\/a>\n        \n        \n        <div class=\"bde-loop-item__wrap ee-post-wrap\">\n            \n                            <h3 class=\"ee-post-title\" >\n                    <a class=\"bde-loop-item__title-link ee-post-title-link\" href=\"https:\/\/grckainternet.com\/en\/esim-grcka-2025\/\" tabindex=\"-1\">\n                        eSIM Gr\u010dka 2025: Sve \u0161to treba da zna\u0161 pre nego \u0161to krene\u0161 na more                    <\/a>\n                <\/h3>\n                            <div class=\"bde-loop-item__post-meta ee-post-meta\">\n                    \n                <\/div>\n                            <div class=\"bde-loop-item__content ee-post-content\">\n                    Sezona godi\u0161njih odmora sti\u017ee, torbe su spakovane, ali jedno pitanje i dalje visi u vazduhu: kako ostati onlajn u Gr\u010dkoj bez preskupog rominga ili lova na lokalnu SIM karticu?Odgovor je&hellip;                <\/div>\n            \n        \n    \n    \n    \n                            \n            \n                    \n            \n            \n\n    \n    \n    \n    \n                            \n    <a class=\"breakdance-link button-atom button-atom--primary bde-loop-item__button ee-post-button\" href=\"https:\/\/grckainternet.com\/en\/esim-grcka-2025\/\" target=\"_self\" data-type=\"url\" aria-label=\"Read more about eSIM Gr\u010dka 2025: Sve \u0161to treba da zna\u0161 pre nego \u0161to krene\u0161 na more\">\n\n    \n        <span class=\"button-atom__text\">Pro\u010ditajte vi\u0161e<\/span>\n\n        \n        \n                <\/a>\n\n    \n\n\n\n\n            \n        <\/div>\n\n    <\/article>\n\n    <article class=\"bde-loop-item ee-post\">\n                                <a class=\"bde-loop-item__image-link ee-post-image-link\" href=\"https:\/\/grckainternet.com\/en\/najlepse-plaze-u-grckoj-top-10-najboljih-plaza-uz-kristalno-more\/\" tabindex=\"-1\">\n                <div class=\"bde-loop-item__image ee-post-image\">\n                    <img loading=\"lazy\" decoding=\"async\" width=\"1280\" height=\"850\" src=\"https:\/\/grckainternet.com\/wp-content\/uploads\/2025\/06\/pexels-hert-3224356.jpg\" class=\"attachment-full size-full wp-post-image\" alt=\"Najlep\u0161e pla\u017ee u Gr\u010dkoj: Top 10 najboljih pla\u017ea uz kristalno more\" srcset=\"https:\/\/grckainternet.com\/wp-content\/uploads\/2025\/06\/pexels-hert-3224356.jpg 1280w, https:\/\/grckainternet.com\/wp-content\/uploads\/2025\/06\/pexels-hert-3224356-300x199.jpg 300w, https:\/\/grckainternet.com\/wp-content\/uploads\/2025\/06\/pexels-hert-3224356-1024x680.jpg 1024w, https:\/\/grckainternet.com\/wp-content\/uploads\/2025\/06\/pexels-hert-3224356-768x510.jpg 768w, https:\/\/grckainternet.com\/wp-content\/uploads\/2025\/06\/pexels-hert-3224356-600x398.jpg 600w\" sizes=\"auto, (max-width: 1280px) 100vw, 1280px\" \/>                <\/div>\n            <\/a>\n        \n        \n        <div class=\"bde-loop-item__wrap ee-post-wrap\">\n            \n                            <h3 class=\"ee-post-title\" >\n                    <a class=\"bde-loop-item__title-link ee-post-title-link\" href=\"https:\/\/grckainternet.com\/en\/najlepse-plaze-u-grckoj-top-10-najboljih-plaza-uz-kristalno-more\/\" tabindex=\"-1\">\n                        Najlep\u0161e pla\u017ee u Gr\u010dkoj: Top 10 najboljih pla\u017ea uz kristalno more                    <\/a>\n                <\/h3>\n                            <div class=\"bde-loop-item__post-meta ee-post-meta\">\n                    \n                <\/div>\n                            <div class=\"bde-loop-item__content ee-post-content\">\n                    Zamislite miris morske soli, toplotu sunca i pogled koji oduzima dah \u2013 najlep\u0161e pla\u017ee u Gr\u010dkoj spremne su da vas zavedu. Ove najbolje pla\u017ee spajaju mekani pesak i kristalno more,&hellip;                <\/div>\n            \n        \n    \n    \n    \n                            \n            \n                    \n            \n            \n\n    \n    \n    \n    \n                            \n    <a class=\"breakdance-link button-atom button-atom--primary bde-loop-item__button ee-post-button\" href=\"https:\/\/grckainternet.com\/en\/najlepse-plaze-u-grckoj-top-10-najboljih-plaza-uz-kristalno-more\/\" target=\"_self\" data-type=\"url\" aria-label=\"Read more about Najlep\u0161e pla\u017ee u Gr\u010dkoj: Top 10 najboljih pla\u017ea uz kristalno more\">\n\n    \n        <span class=\"button-atom__text\">Pro\u010ditajte vi\u0161e<\/span>\n\n        \n        \n                <\/a>\n\n    \n\n\n\n\n            \n        <\/div>\n\n    <\/article>\n\n    <article class=\"bde-loop-item ee-post\">\n                                <a class=\"bde-loop-item__image-link ee-post-image-link\" href=\"https:\/\/grckainternet.com\/en\/surfujte-onlajn-potpuno-opusteno\/\" tabindex=\"-1\">\n                <div class=\"bde-loop-item__image ee-post-image\">\n                    <img loading=\"lazy\" decoding=\"async\" width=\"1080\" height=\"1080\" src=\"https:\/\/grckainternet.com\/wp-content\/uploads\/2025\/05\/slika2-srpski.jpg\" class=\"attachment-full size-full wp-post-image\" alt=\"Surfujte onlajn, potpuno opu\u0161teno!\" srcset=\"https:\/\/grckainternet.com\/wp-content\/uploads\/2025\/05\/slika2-srpski.jpg 1080w, https:\/\/grckainternet.com\/wp-content\/uploads\/2025\/05\/slika2-srpski-300x300.jpg 300w, https:\/\/grckainternet.com\/wp-content\/uploads\/2025\/05\/slika2-srpski-1024x1024.jpg 1024w, https:\/\/grckainternet.com\/wp-content\/uploads\/2025\/05\/slika2-srpski-150x150.jpg 150w, https:\/\/grckainternet.com\/wp-content\/uploads\/2025\/05\/slika2-srpski-768x768.jpg 768w, https:\/\/grckainternet.com\/wp-content\/uploads\/2025\/05\/slika2-srpski-600x600.jpg 600w\" sizes=\"auto, (max-width: 1080px) 100vw, 1080px\" \/>                <\/div>\n            <\/a>\n        \n        \n        <div class=\"bde-loop-item__wrap ee-post-wrap\">\n            \n                            <h3 class=\"ee-post-title\" >\n                    <a class=\"bde-loop-item__title-link ee-post-title-link\" href=\"https:\/\/grckainternet.com\/en\/surfujte-onlajn-potpuno-opusteno\/\" tabindex=\"-1\">\n                        Surfujte onlajn, potpuno opu\u0161teno!                    <\/a>\n                <\/h3>\n                            <div class=\"bde-loop-item__post-meta ee-post-meta\">\n                    \n                <\/div>\n                            <div class=\"bde-loop-item__content ee-post-content\">\n                    Vi\u0161e nema potrebe da budete nedostupni i da se pla\u0161ite visokih tro\u0161kova rominga \u2013 surfujte onlajn i opustite se bez brige o preteranim cenama. GrckaInternet vam nudi brz i stabilan&hellip;                <\/div>\n            \n        \n    \n    \n    \n                            \n            \n                    \n            \n            \n\n    \n    \n    \n    \n                            \n    <a class=\"breakdance-link button-atom button-atom--primary bde-loop-item__button ee-post-button\" href=\"https:\/\/grckainternet.com\/en\/surfujte-onlajn-potpuno-opusteno\/\" target=\"_self\" data-type=\"url\" aria-label=\"Read more about Surfujte onlajn, potpuno opu\u0161teno!\">\n\n    \n        <span class=\"button-atom__text\">Pro\u010ditajte vi\u0161e<\/span>\n\n        \n        \n                <\/a>\n\n    \n\n\n\n\n            \n        <\/div>\n\n    <\/article>\n\n<\/div><\/div><\/div>\n<\/section>","protected":false},"excerpt":{"rendered":"","protected":false},"author":33,"featured_media":0,"parent":0,"menu_order":0,"comment_status":"closed","ping_status":"closed","template":"","meta":{"_acf_changed":false,"bwfblock_default_font":"","_breakdance_hide_in_design_set":false,"_breakdance_tags":"","footnotes":""},"class_list":["post-2476","page","type-page","status-publish","hentry"],"acf":[],"_links":{"self":[{"href":"https:\/\/grckainternet.com\/en\/wp-json\/wp\/v2\/pages\/2476","targetHints":{"allow":["GET"]}}],"collection":[{"href":"https:\/\/grckainternet.com\/en\/wp-json\/wp\/v2\/pages"}],"about":[{"href":"https:\/\/grckainternet.com\/en\/wp-json\/wp\/v2\/types\/page"}],"author":[{"embeddable":true,"href":"https:\/\/grckainternet.com\/en\/wp-json\/wp\/v2\/users\/33"}],"replies":[{"embeddable":true,"href":"https:\/\/grckainternet.com\/en\/wp-json\/wp\/v2\/comments?post=2476"}],"version-history":[{"count":0,"href":"https:\/\/grckainternet.com\/en\/wp-json\/wp\/v2\/pages\/2476\/revisions"}],"wp:attachment":[{"href":"https:\/\/grckainternet.com\/en\/wp-json\/wp\/v2\/media?parent=2476"}],"curies":[{"name":"wp","href":"https:\/\/api.w.org\/{rel}","templated":true}]}}