{"id":1483,"date":"2025-04-06T21:24:23","date_gmt":"2025-04-06T21:24:23","guid":{"rendered":"https:\/\/tapsim.net\/?page_id=1483"},"modified":"2026-04-25T16:57:05","modified_gmt":"2026-04-25T14:57:05","slug":"support","status":"publish","type":"page","link":"https:\/\/grckainternet.com\/en\/support\/","title":{"rendered":"Support"},"content":{"rendered":"<section class=\"bde-section-1483-100 bde-section\">\n  \n  \n\t\n\n\n\n<div class=\"section-container\"><h1 class=\"bde-heading-1483-102 bde-heading\">\nPo\u0161aljite nam poruku\n<\/h1><div class=\"bde-rich-text-1483-103 bde-rich-text breakdance-rich-text-styles\">\n<p>\u017delimo da vam pomognemo na najbolji mogu\u0107i na\u010din, zato vas molimo da opi\u0161ete problem sa \u0161to vi\u0161e detalja.<\/p>\n<\/div><div class=\"bde-form-builder-1483-101 bde-form-builder\">\n\n<form id=\"contact-form101\" class=\"breakdance-form breakdance-form--vertical\" data-options=\"{&quot;slug&quot;:&quot;custom&quot;,&quot;name&quot;:&quot;Contact Form&quot;,&quot;ajaxUrl&quot;:&quot;https:\\\/\\\/grckainternet.com\\\/wp-admin\\\/admin-ajax.php&quot;,&quot;clearOnSuccess&quot;:true,&quot;hideOnSuccess&quot;:false,&quot;successMessage&quot;:&quot;Va\\u0161a poruka je primljena!&quot;,&quot;errorMessage&quot;:&quot;Ne\\u0161to je po\\u0161lo po zlu.Obidite se ponovo.&quot;,&quot;redirect&quot;:false,&quot;redirectUrl&quot;:&quot;&quot;,&quot;customJavaScript&quot;:&quot;&quot;,&quot;recaptcha&quot;:{&quot;key&quot;:&quot;&quot;,&quot;enabled&quot;:false},&quot;honeypot_enabled&quot;:false,&quot;popupsOnSuccess&quot;:[],&quot;popupsOnError&quot;:[]}\" data-steps=\"0\" >\n  \n  \n  \n<div class=\"breakdance-form-field breakdance-form-field--text\" >\n    \n    \n            <label class=\"breakdance-form-field__label\" for=\"name\">\n            Ime<span class=\"breakdance-form-field__required\">*<\/span>\n        <\/label>\n    \n    <input\n    class=\"breakdance-form-field__input\"\n    id=\"name\"\n    aria-describedby=\"name\"\n    type=\"text\"\n    name=\"fields[name]\"\n    placeholder=\"\"\n    value=\"\"\n                \n        \n        \n    required\n    \n    \n    \n    \n    \n>\n\n\n    \n    \n<\/div>\n\n\n<div class=\"breakdance-form-field breakdance-form-field--email\" >\n    \n    \n            <label class=\"breakdance-form-field__label\" for=\"email\">\n            E-po\u0161ta<span class=\"breakdance-form-field__required\">*<\/span>\n        <\/label>\n    \n    <input\n    class=\"breakdance-form-field__input\"\n    id=\"email\"\n    aria-describedby=\"email\"\n    type=\"email\"\n    name=\"fields[email]\"\n    placeholder=\"Molimo vas da unesete va\u017eec\u0301u adresu e-po\u0161te kako bismo mogli da komuniciramo.\"\n    value=\"\"\n                \n        \n        \n    required\n    \n    \n    \n    \n    \n>\n\n\n    \n    \n<\/div>\n\n\n<div class=\"breakdance-form-field breakdance-form-field--text\" >\n    \n    \n            <label class=\"breakdance-form-field__label\" for=\"smfzfs\">\n            Model telefona<span class=\"breakdance-form-field__required\">*<\/span>\n        <\/label>\n    \n    <input\n    class=\"breakdance-form-field__input\"\n    id=\"smfzfs\"\n    aria-describedby=\"smfzfs\"\n    type=\"text\"\n    name=\"fields[smfzfs]\"\n    placeholder=\"pr. Samsung Galaxy S24 FE \/ Redmi Note 14 Pro 5G\"\n    value=\"\"\n                \n        \n        \n    required\n    \n    \n    \n    \n    \n>\n\n\n    \n    \n<\/div>\n\n\n<div class=\"breakdance-form-field breakdance-form-field--radio\" >\n    \n    \n    \n      <fieldset role=\"radiogroup\"\n          aria-label=\"Predmet\"\n      >\n          <legend class=\"breakdance-form-field__label\">Predmet<span class=\"breakdance-form-field__required\">*<\/span><\/legend>\n                <div class=\"breakdance-form-radio\">\n            <input\n                type=\"radio\"\n                name=\"fields[pyprqg][]\"\n                value=\"Ne mogu ga instalirati\"\n                id=\"pyprqg-1\"\n                required\n                \n                \n                            >\n            <label class=\"breakdance-form-radio__text\" for=\"pyprqg-1\">Ne mogu ga instalirati<\/label>\n        <\/div>\n            <div class=\"breakdance-form-radio\">\n            <input\n                type=\"radio\"\n                name=\"fields[pyprqg][]\"\n                value=\"Instalacija je uspe\u0161na, ali nema interneta\"\n                id=\"pyprqg-2\"\n                required\n                \n                \n                            >\n            <label class=\"breakdance-form-radio__text\" for=\"pyprqg-2\">Instalacija je uspe\u0161na, ali nema interneta<\/label>\n        <\/div>\n            <div class=\"breakdance-form-radio\">\n            <input\n                type=\"radio\"\n                name=\"fields[pyprqg][]\"\n                value=\"Internet je spor (ako je moguc\u0301e, upi\u0161ite lokaciju u polje ispod)\"\n                id=\"pyprqg-3\"\n                required\n                \n                \n                            >\n            <label class=\"breakdance-form-radio__text\" for=\"pyprqg-3\">Internet je spor (ako je moguc\u0301e, upi\u0161ite lokaciju u polje ispod)<\/label>\n        <\/div>\n            <div class=\"breakdance-form-radio\">\n            <input\n                type=\"radio\"\n                name=\"fields[pyprqg][]\"\n                value=\"Potro\u0161io sav internet, kako da dopunim?\"\n                id=\"pyprqg-4\"\n                required\n                \n                \n                            >\n            <label class=\"breakdance-form-radio__text\" for=\"pyprqg-4\">Potro\u0161io sav internet, kako da dopunim?<\/label>\n        <\/div>\n            <div class=\"breakdance-form-radio\">\n            <input\n                type=\"radio\"\n                name=\"fields[pyprqg][]\"\n                value=\"Moj problem nije ovde, napisac\u0301u ga u polju ispod.\"\n                id=\"pyprqg-5\"\n                required\n                \n                \n                            >\n            <label class=\"breakdance-form-radio__text\" for=\"pyprqg-5\">Moj problem nije ovde, napisac\u0301u ga u polju ispod.<\/label>\n        <\/div>\n      <\/fieldset>\n\n\n    \n    \n<\/div>\n\n\n<div class=\"breakdance-form-field breakdance-form-field--textarea\" >\n    \n    \n            <label class=\"breakdance-form-field__label\" for=\"message\">\n            Opis problema ili pitanja?\n        <\/label>\n    \n    <textarea\n    class=\"breakdance-form-field__input\"\n    id=\"message\"\n    aria-describedby=\"message\"\n    type=\"textarea\"\n    name=\"fields[message]\"\n        placeholder=\"\"\n    \n    \n    \n    >\n<\/textarea>\n\n\n    \n    \n<\/div>\n\n\n<div class=\"breakdance-form-field breakdance-form-field--file\" >\n    \n    \n            <label class=\"breakdance-form-field__label\" for=\"kmvijk\">\n            Snimak(screenshot) ekrana gre\u0161ke (ako postoji). Najkorisnije je ako nam po\u0161aljete sliku SIM menad\u017eera.\n        <\/label>\n    \n    <label for=\"kmvijk\" class=\"breakdance-form-file-upload breakdance-form-file-upload--draggable\">\n\n            <span class=\"breakdance-form-dropzone\" tabindex=\"0\">\n            <svg class=\"breakdance-form-dropzone__icon\" width=\"48\" stroke=\"currentColor\" fill=\"none\" viewBox=\"0 0 48 48\" aria-hidden=\"true\">\n                <path d=\"M28 8H12a4 4 0 00-4 4v20m32-12v8m0 0v8a4 4 0 01-4 4H12a4 4 0 01-4-4v-4m32-4l-3.172-3.172a4 4 0 00-5.656 0L28 28M8 32l9.172-9.172a4 4 0 015.656 0L28 28m0 0l4 4m4-24h8m-4-4v8m-12 4h.02\" stroke-width=\"2\" stroke-linecap=\"round\" stroke-linejoin=\"round\"><\/path>\n            <\/svg>\n\n            <span class=\"breakdance-form-dropzone__title\">\n                <span>Upload a file<\/span> or drag and drop.\n            <\/span>\n            <span class=\"breakdance-form-dropzone__accepts\">\n                            up to 10MB\n            <\/span>\n        <\/span>\n    \n    <input\n        id=\"kmvijk\"\n        name=\"fields[kmvijk][]\"\n        type=\"file\"\n        class=\"breakdance-form-file-upload__input\"\n        accept=\"\"\n        multiple\n        \n        \n                data-max-files=\"5\"\n        data-i18n-empty-text=\"No file chosen\"\n        data-i18n-filled-text=\"%n files\"\n        data-i18n-error-text=\"Only %n file(s) allowed.\"\n    >\n<\/label>\n\n    <ul class=\"breakdance-form-files-list\"><\/ul>\n\n\n    \n    \n<\/div><div class=\"breakdance-form-field breakdance-form-footer\">    \n    \n    \n    \n    \n            \n            <button type=\"submit\" class=\"button-atom button-atom--primary breakdance-form-button breakdance-form-button__submit\"  >\n    \n        <span class=\"button-atom__text\">Po\u0161alji<\/span>\n\n        \n        \n            <\/button>\n    \n    <input type=\"hidden\" name=\"form_id\" value=\"101\">\n    <input type=\"hidden\" name=\"post_id\" value=\"1483\">\n<\/div>\n\n  \n<\/form>\n\n\n<\/div><\/div>\n<\/section>","protected":false},"excerpt":{"rendered":"<p>Po\u0161aljite nam poruku \u017delimo da vam pomognemo na najbolji mogu\u0107i na\u010din, zato vas molimo da opi\u0161ete problem sa \u0161to vi\u0161e detalja. Ime* E-po\u0161ta* Model telefona* Predmet* Ne mogu ga instalirati Instalacija je uspe\u0161na, ali nema interneta Internet je spor (ako je moguc\u0301e, upi\u0161ite lokaciju u polje ispod) Potro\u0161io sav internet, kako da dopunim? Moj problem [&hellip;]<\/p>\n","protected":false},"author":33,"featured_media":0,"parent":0,"menu_order":0,"comment_status":"closed","ping_status":"closed","template":"","meta":{"_acf_changed":false,"bwfblock_default_font":"","_breakdance_hide_in_design_set":false,"_breakdance_tags":"","footnotes":""},"class_list":["post-1483","page","type-page","status-publish","hentry"],"acf":[],"_links":{"self":[{"href":"https:\/\/grckainternet.com\/en\/wp-json\/wp\/v2\/pages\/1483","targetHints":{"allow":["GET"]}}],"collection":[{"href":"https:\/\/grckainternet.com\/en\/wp-json\/wp\/v2\/pages"}],"about":[{"href":"https:\/\/grckainternet.com\/en\/wp-json\/wp\/v2\/types\/page"}],"author":[{"embeddable":true,"href":"https:\/\/grckainternet.com\/en\/wp-json\/wp\/v2\/users\/33"}],"replies":[{"embeddable":true,"href":"https:\/\/grckainternet.com\/en\/wp-json\/wp\/v2\/comments?post=1483"}],"version-history":[{"count":0,"href":"https:\/\/grckainternet.com\/en\/wp-json\/wp\/v2\/pages\/1483\/revisions"}],"wp:attachment":[{"href":"https:\/\/grckainternet.com\/en\/wp-json\/wp\/v2\/media?parent=1483"}],"curies":[{"name":"wp","href":"https:\/\/api.w.org\/{rel}","templated":true}]}}