{"id":1473,"date":"2025-04-06T21:12:04","date_gmt":"2025-04-06T21:12:04","guid":{"rendered":"https:\/\/tapsim.net\/?page_id=1473"},"modified":"2026-04-18T22:17:04","modified_gmt":"2026-04-18T20:17:04","slug":"about","status":"publish","type":"page","link":"https:\/\/grckainternet.com\/en\/about\/","title":{"rendered":"About us"},"content":{"rendered":"<section class=\"bde-section-1473-113 bde-section\">\n  \n  \n\t\n\n\n\n<div class=\"section-container\"><div class=\"bde-div-1473-114 bde-div\">\n              \n  \n  \n\t\n\n  <div class=\"section-background-overlay\"><\/div>\n\n\n<div class=\"bde-button-1473-115 bde-button\">\n        \n    \n    \n    \n    \n            \n            <button type=\"button\" class=\"button-atom button-atom--custom bde-button__button\"  >\n    \n        <span class=\"button-atom__text\">O Gr\u010dkaInternetu<\/span>\n\n        \n        \n            <\/button>\n    \n\n\n<\/div><h1 class=\"bde-heading-1473-229 bde-heading\">\nPoma\u017eemo vam da ostanete bezbri\u017eni kada prelazite granicu\n<\/h1>\n<\/div><\/div>\n<\/section><section class=\"bde-section-1473-117 bde-section\">\n  \n  \n\t\n\n\n\n<div class=\"section-container\"><div class=\"bde-div-1473-118 bde-div\">\n  \n  \n\t\n\n\n\n<div class=\"bde-text-1473-120 bde-text\">\nGr\u010dkaInternet je brz i pouzdan servis eSIM kartica, posebno osmi\u0161ljen za turiste koji putuju u Gr\u010dku. Gr\u010dkaInternet je servis koji omogu\u0107ava TapSim, lider u eSIM re\u0161enjima za putnike \u0161irom Evrope. Putujte bez brige, ostanite online i otkrijte Gr\u010dku na svoj na\u010din!\n<\/div>\n<\/div><div class=\"bde-stats-grid-1473-233 bde-stats-grid\">\n  <div class='bde-stats-grid_item'>\n          \n    \n            <div class=\"bde-stats-grid_icon breakdance-icon-atom\" >\n    \n                    <svg xmlns=\"http:\/\/www.w3.org\/2000\/svg\" viewbox=\"0 0 384 512\"><!--! Font Awesome Free 6.5.1 by @fontawesome - https:\/\/fontawesome.com License - https:\/\/fontawesome.com\/license\/free (Icons: CC BY 4.0, Fonts: SIL OFL 1.1, Code: MIT License) Copyright 2023 Fonticons, Inc. --><path d=\"M64 0H242.7c17 0 33.3 6.7 45.3 18.7L365.3 96c12 12 18.7 28.3 18.7 45.3V448c0 35.3-28.7 64-64 64H64c-35.3 0-64-28.7-64-64V64C0 28.7 28.7 0 64 0zM96 192c-17.7 0-32 14.3-32 32v32h64V192H96zM64 352h80 96 80V288H240 144 64v64zM320 224c0-17.7-14.3-32-32-32H256v64h64V224zM160 192v64h64V192H160zM288 448c17.7 0 32-14.3 32-32V384H256v64h32zM160 384v64h64V384H160zM64 416c0 17.7 14.3 32 32 32h32V384H64v32z\"\/><\/svg>\n        \n        \n        \n            <\/div>\n    \n\n        <h3 class='bde-stats-grid_number' >\n     17.230+\n    <\/h3>\n    <p class='bde-stats-grid_text' >\n      Aktivirane eSIM kartice\n    <\/p>\n  <\/div>\n  <div class='bde-stats-grid_item'>\n          \n    \n            <div class=\"bde-stats-grid_icon breakdance-icon-atom\" >\n    \n                    <svg xmlns=\"http:\/\/www.w3.org\/2000\/svg\" viewbox=\"0 0 640 512\"><!--! Font Awesome Free 6.5.1 by @fontawesome - https:\/\/fontawesome.com License - https:\/\/fontawesome.com\/license\/free (Icons: CC BY 4.0, Fonts: SIL OFL 1.1, Code: MIT License) Copyright 2023 Fonticons, Inc. --><path d=\"M96 128a128 128 0 1 1 256 0A128 128 0 1 1 96 128zM0 482.3C0 383.8 79.8 304 178.3 304h91.4C368.2 304 448 383.8 448 482.3c0 16.4-13.3 29.7-29.7 29.7H29.7C13.3 512 0 498.7 0 482.3zM625 177L497 305c-9.4 9.4-24.6 9.4-33.9 0l-64-64c-9.4-9.4-9.4-24.6 0-33.9s24.6-9.4 33.9 0l47 47L591 143c9.4-9.4 24.6-9.4 33.9 0s9.4 24.6 0 33.9z\"\/><\/svg>\n        \n        \n        \n            <\/div>\n    \n\n        <h3 class='bde-stats-grid_number' >\n     1.265+\n    <\/h3>\n    <p class='bde-stats-grid_text' >\n      Odgovoreni upiti korisni\u010dke podr\u0161ke\n    <\/p>\n  <\/div>\n  <div class='bde-stats-grid_item'>\n          \n    \n            <div class=\"bde-stats-grid_icon breakdance-icon-atom\" >\n    \n                    <svg xmlns=\"http:\/\/www.w3.org\/2000\/svg\" id=\"icon-star-full\" viewbox=\"0 0 32 32\">\n<path d=\"M32 12.408l-11.056-1.607-4.944-10.018-4.944 10.018-11.056 1.607 8 7.798-1.889 11.011 9.889-5.199 9.889 5.199-1.889-11.011 8-7.798z\"\/>\n<\/svg>\n        \n        \n        \n            <\/div>\n    \n\n        <h3 class='bde-stats-grid_number' >\n     3.500+\n    <\/h3>\n    <p class='bde-stats-grid_text' >\n      Zadovoljni kupci\n    <\/p>\n  <\/div>\n\n<\/div><div class=\"bde-fancy-divider-1473-121 bde-fancy-divider\">\n\n\n<div class=\"bde-fancy-divider__wrapper\">\n  <div class=\"bde-fancy-divider__separator\">\n  \t  <\/div>\n<\/div>\n\n<\/div><div class=\"bde-columns-1473-122 bde-columns\"><div class=\"bde-column-1473-123 bde-column\">\n  \n  \n\t\n\n\n\n<h3 class=\"bde-heading-1473-124 bde-heading\">\nVizija\n<\/h3><div class=\"bde-text-1473-125 bde-text\">\nDa postanemo najugledniji provajder putni\u010dkih eSIM re\u0161enja u Gr\u010dkoj. <br><br>Posve\u0107eni smo kontinuiranom unapre\u0111enju na\u0161ih proizvoda i usluga, kako bismo korisnicima obezbedili jo\u0161 preciznije, pouzdanije i prijatnije digitalno iskustvo tokom svakog putovanja. <br><br>Sa Gr\u010dkaInternet servisom, deo TapSim porodice, te\u017eimo da svaki turista u Gr\u010dkoj u\u017eiva u bezprekornoj mre\u017enoj povezanosti i sigurnosti komunikacije.\n<\/div>\n<\/div><div class=\"bde-column-1473-127 bde-column\">\n  \n  \n\t\n\n\n\n<h3 class=\"bde-heading-1473-128 bde-heading\">\nMisija\n<\/h3><div class=\"bde-rich-text-1473-230 bde-rich-text breakdance-rich-text-styles\">\n<p><strong>Na\u0161a misija je da svakom turistu u Gr\u010dkoj omogu\u0107imo neprekidnu i pouzdanu digitalnu povezanost bez ikakvih prepreka. <\/strong><\/p><p>Kroz jednostavnu aktivaciju eSIM kartice, lokalne tarife i podr\u0161ku na srpskom jeziku, \u017eelimo da svaki va\u0161 korak od Atine do Santorinija bude ispunjen slobodom komuniciranja, brzog pristupa internetu i sigurnog snala\u017eenja. <\/p><p>Sa Gr\u010dkaInternet servisom, deo TapSim porodice, te\u017eimo da va\u0161e putovanje u\u010dinimo bezbri\u017enim, informativnim i ispunjenim povezano\u0161\u0107u sa dragima i svetom.<\/p>\n<\/div>\n<\/div><\/div><div class=\"bde-fancy-divider-1473-131 bde-fancy-divider\">\n\n\n<div class=\"bde-fancy-divider__wrapper\">\n  <div class=\"bde-fancy-divider__separator\">\n  \t  <\/div>\n<\/div>\n\n<\/div><div class=\"bde-columns-1473-132 bde-columns\"><div class=\"bde-column-1473-133 bde-column\">\n  \n  \n\t\n\n\n\n<h2 class=\"bde-dual-heading-1473-135 bde-dual-heading\">\n\n\n            <span data-style=\"primary\" class=\"dual-heading--primary\">Dodirnite. Aktiviraj. Pove\u017ei se.<\/span>\n\n\n\n<\/h2><div class=\"bde-text-1473-231 bde-text\">\nObec\u0301avamo vam aktivnu eSIM karticu za manje od dva minuta po ceni koja vam se \u010dini po\u0161tenom.\n<\/div><div class=\"bde-icon-list-1473-235 bde-icon-list bde-icon-list--background\">\n<ul>\n  \n              \n    <li>\n              <div class='bde-icon-list__item-wrapper'>\n      \n      <span class='bde-icon-list__icon' aria-hidden='true'>\n        <svg xmlns=\"http:\/\/www.w3.org\/2000\/svg\" viewbox=\"0 0 448 512\"><!--! Font Awesome Free 6.5.1 by @fontawesome - https:\/\/fontawesome.com License - https:\/\/fontawesome.com\/license\/free (Icons: CC BY 4.0, Fonts: SIL OFL 1.1, Code: MIT License) Copyright 2023 Fonticons, Inc. --><path d=\"M246.6 470.6c-12.5 12.5-32.8 12.5-45.3 0l-160-160c-12.5-12.5-12.5-32.8 0-45.3s32.8-12.5 45.3 0L224 402.7 361.4 265.4c12.5-12.5 32.8-12.5 45.3 0s12.5 32.8 0 45.3l-160 160zm160-352l-160 160c-12.5 12.5-32.8 12.5-45.3 0l-160-160c-12.5-12.5-12.5-32.8 0-45.3s32.8-12.5 45.3 0L224 210.7 361.4 73.4c12.5-12.5 32.8-12.5 45.3 0s12.5 32.8 0 45.3z\"\/><\/svg>\n      <\/span>\n      <span class='bde-icon-list__text' >\n      <b>U\u0161tedi vreme i novac<\/b> \u2013 presko\u010di redove za SIM kartice na aerodromu\n      <\/span>\n              <\/div>\n      \n    <\/li>\n\n  \n              \n    <li>\n              <div class='bde-icon-list__item-wrapper'>\n      \n      <span class='bde-icon-list__icon' aria-hidden='true'>\n        <svg xmlns=\"http:\/\/www.w3.org\/2000\/svg\" viewbox=\"0 0 640 512\"><!--! Font Awesome Free 6.5.1 by @fontawesome - https:\/\/fontawesome.com License - https:\/\/fontawesome.com\/license\/free (Icons: CC BY 4.0, Fonts: SIL OFL 1.1, Code: MIT License) Copyright 2023 Fonticons, Inc. --><path d=\"M96 128a128 128 0 1 1 256 0A128 128 0 1 1 96 128zM0 482.3C0 383.8 79.8 304 178.3 304h91.4C368.2 304 448 383.8 448 482.3c0 16.4-13.3 29.7-29.7 29.7H29.7C13.3 512 0 498.7 0 482.3zM504 312V248H440c-13.3 0-24-10.7-24-24s10.7-24 24-24h64V136c0-13.3 10.7-24 24-24s24 10.7 24 24v64h64c13.3 0 24 10.7 24 24s-10.7 24-24 24H552v64c0 13.3-10.7 24-24 24s-24-10.7-24-24z\"\/><\/svg>\n      <\/span>\n      <span class='bde-icon-list__text' >\n      <b>Bez brige<\/b> \u2013 uvek zna\u0161 koliko podataka ti je preostalo.\n      <\/span>\n              <\/div>\n      \n    <\/li>\n\n  \n              \n    <li>\n              <div class='bde-icon-list__item-wrapper'>\n      \n      <span class='bde-icon-list__icon' aria-hidden='true'>\n        <svg xmlns=\"http:\/\/www.w3.org\/2000\/svg\" viewbox=\"0 0 512 512\"><!--! Font Awesome Free 6.5.1 by @fontawesome - https:\/\/fontawesome.com License - https:\/\/fontawesome.com\/license\/free (Icons: CC BY 4.0, Fonts: SIL OFL 1.1, Code: MIT License) Copyright 2023 Fonticons, Inc. --><path d=\"M256 512A256 256 0 1 0 256 0a256 256 0 1 0 0 512zm50.7-186.9L162.4 380.6c-19.4 7.5-38.5-11.6-31-31l55.5-144.3c3.3-8.5 9.9-15.1 18.4-18.4l144.3-55.5c19.4-7.5 38.5 11.6 31 31L325.1 306.7c-3.2 8.5-9.9 15.1-18.4 18.4zM288 256a32 32 0 1 0 -64 0 32 32 0 1 0 64 0z\"\/><\/svg>\n      <\/span>\n      <span class='bde-icon-list__text' >\n      <b>Sloboda da istra\u017euje\u0161<\/b> \u2013 ostani povezan bez jurnjave za Wi-Fi u kafi\u0107ima.\n      <\/span>\n              <\/div>\n      \n    <\/li>\n\n  \n              \n    <li>\n              <div class='bde-icon-list__item-wrapper'>\n      \n      <span class='bde-icon-list__icon' aria-hidden='true'>\n        <svg xmlns=\"http:\/\/www.w3.org\/2000\/svg\" viewbox=\"0 0 448 512\"><!--! Font Awesome Free 6.5.1 by @fontawesome - https:\/\/fontawesome.com License - https:\/\/fontawesome.com\/license\/free (Icons: CC BY 4.0, Fonts: SIL OFL 1.1, Code: MIT License) Copyright 2023 Fonticons, Inc. --><path d=\"M210.6 5.9L62 169.4c-3.9 4.2-6 9.8-6 15.5C56 197.7 66.3 208 79.1 208H104L30.6 281.4c-4.2 4.2-6.6 10-6.6 16C24 309.9 34.1 320 46.6 320H80L5.4 409.5C1.9 413.7 0 419 0 424.5c0 13 10.5 23.5 23.5 23.5H192v32c0 17.7 14.3 32 32 32s32-14.3 32-32V448H424.5c13 0 23.5-10.5 23.5-23.5c0-5.5-1.9-10.8-5.4-15L368 320h33.4c12.5 0 22.6-10.1 22.6-22.6c0-6-2.4-11.8-6.6-16L344 208h24.9c12.7 0 23.1-10.3 23.1-23.1c0-5.7-2.1-11.3-6-15.5L237.4 5.9C234 2.1 229.1 0 224 0s-10 2.1-13.4 5.9z\"\/><\/svg>\n      <\/span>\n      <span class='bde-icon-list__text' >\n      <b>Eko-prijateljski izbor<\/b> \u2013 bez plastike, bez deponije.\n      <\/span>\n              <\/div>\n      \n    <\/li>\n\n  \n              \n    <li>\n              <div class='bde-icon-list__item-wrapper'>\n      \n      <span class='bde-icon-list__icon' aria-hidden='true'>\n        <svg xmlns=\"http:\/\/www.w3.org\/2000\/svg\" viewbox=\"0 0 448 512\"><!--! Font Awesome Free 6.5.1 by @fontawesome - https:\/\/fontawesome.com License - https:\/\/fontawesome.com\/license\/free (Icons: CC BY 4.0, Fonts: SIL OFL 1.1, Code: MIT License) Copyright 2023 Fonticons, Inc. --><path d=\"M210.6 5.9L62 169.4c-3.9 4.2-6 9.8-6 15.5C56 197.7 66.3 208 79.1 208H104L30.6 281.4c-4.2 4.2-6.6 10-6.6 16C24 309.9 34.1 320 46.6 320H80L5.4 409.5C1.9 413.7 0 419 0 424.5c0 13 10.5 23.5 23.5 23.5H192v32c0 17.7 14.3 32 32 32s32-14.3 32-32V448H424.5c13 0 23.5-10.5 23.5-23.5c0-5.5-1.9-10.8-5.4-15L368 320h33.4c12.5 0 22.6-10.1 22.6-22.6c0-6-2.4-11.8-6.6-16L344 208h24.9c12.7 0 23.1-10.3 23.1-23.1c0-5.7-2.1-11.3-6-15.5L237.4 5.9C234 2.1 229.1 0 224 0s-10 2.1-13.4 5.9z\"\/><\/svg>\n      <\/span>\n      <span class='bde-icon-list__text' >\n      <b>Support 24\/7<\/b> \u2013 pravi ljudi spremni kad god ti zatrebaju.\n      <\/span>\n              <\/div>\n      \n    <\/li>\n\n  <\/ul>\n\n<\/div>\n<\/div><div class=\"bde-column-1473-139 bde-column\">\n  \n  \n\t\n\n\n\n<img decoding=\"async\" class=\"bde-image2-1473-239 bde-image2\" src=\"https:\/\/grckainternet.com\/wp-content\/uploads\/2025\/05\/grckainternet_horizontal-1024x428.png\" loading=\"lazy\" srcset=\"https:\/\/grckainternet.com\/wp-content\/uploads\/2025\/05\/grckainternet_horizontal.png 1920w, https:\/\/grckainternet.com\/wp-content\/uploads\/2025\/05\/grckainternet_horizontal-300x125.png 300w, https:\/\/grckainternet.com\/wp-content\/uploads\/2025\/05\/grckainternet_horizontal-1024x428.png 1024w, https:\/\/grckainternet.com\/wp-content\/uploads\/2025\/05\/grckainternet_horizontal-768x321.png 768w, https:\/\/grckainternet.com\/wp-content\/uploads\/2025\/05\/grckainternet_horizontal-1536x642.png 1536w, https:\/\/grckainternet.com\/wp-content\/uploads\/2025\/05\/grckainternet_horizontal-600x251.png 600w\" sizes=\"(max-width: 1920px) 100vw, 1920px\">\n<\/div><\/div><\/div>\n<\/section>","protected":false},"excerpt":{"rendered":"<p>O Gr\u010dkaInternetu Poma\u017eemo vam da ostanete bezbri\u017eni kada prelazite granicu Gr\u010dkaInternet je brz i pouzdan servis eSIM kartica, posebno osmi\u0161ljen za turiste koji putuju u Gr\u010dku. Gr\u010dkaInternet je servis koji omogu\u0107ava TapSim, lider u eSIM re\u0161enjima za putnike \u0161irom Evrope. Putujte bez brige, ostanite online i otkrijte Gr\u010dku na svoj na\u010din! 17.230+ Aktivirane eSIM kartice [&hellip;]<\/p>\n","protected":false},"author":33,"featured_media":0,"parent":0,"menu_order":0,"comment_status":"closed","ping_status":"closed","template":"","meta":{"_acf_changed":false,"bwfblock_default_font":"","_breakdance_hide_in_design_set":false,"_breakdance_tags":"","footnotes":""},"class_list":["post-1473","page","type-page","status-publish","hentry"],"acf":[],"_links":{"self":[{"href":"https:\/\/grckainternet.com\/en\/wp-json\/wp\/v2\/pages\/1473","targetHints":{"allow":["GET"]}}],"collection":[{"href":"https:\/\/grckainternet.com\/en\/wp-json\/wp\/v2\/pages"}],"about":[{"href":"https:\/\/grckainternet.com\/en\/wp-json\/wp\/v2\/types\/page"}],"author":[{"embeddable":true,"href":"https:\/\/grckainternet.com\/en\/wp-json\/wp\/v2\/users\/33"}],"replies":[{"embeddable":true,"href":"https:\/\/grckainternet.com\/en\/wp-json\/wp\/v2\/comments?post=1473"}],"version-history":[{"count":0,"href":"https:\/\/grckainternet.com\/en\/wp-json\/wp\/v2\/pages\/1473\/revisions"}],"wp:attachment":[{"href":"https:\/\/grckainternet.com\/en\/wp-json\/wp\/v2\/media?parent=1473"}],"curies":[{"name":"wp","href":"https:\/\/api.w.org\/{rel}","templated":true}]}}